{"id":13428,"date":"2020-04-16T09:21:58","date_gmt":"2020-04-16T07:21:58","guid":{"rendered":"https:\/\/dhd-blog.org\/?page_id=13428"},"modified":"2023-09-04T09:58:12","modified_gmt":"2023-09-04T07:58:12","slug":"redaktion-2","status":"publish","type":"page","link":"https:\/\/dhd-blog.org\/?page_id=13428","title":{"rendered":"Redaktion"},"content":{"rendered":"\n<p><strong>Redaktion<\/strong>: <a href=\"https:\/\/www.sub.uni-goettingen.de\/kontakt\/personen-a-z\/personendetails\/person\/lukas-weimer\/\">Lukas Weimer<\/a><\/p>\n<p><strong>Redaktionsteam<\/strong>: DARIAH-DE Coordination Office<\/p>\n<p>Nieders\u00e4chsische Staats- und Universit\u00e4tsbibliothek G\u00f6ttingen<br>D-37070 G\u00f6ttingen,&nbsp; Papendiek 14<\/p>\n\n\n<p><a rel=\"license\" href=\"http:\/\/creativecommons.org\/licenses\/by-sa\/4.0\/\"><img decoding=\"async\" alt=\"Creative Commons Lizenzvertrag\" style=\"border-width:0\" src=\"https:\/\/i.creativecommons.org\/l\/by-sa\/4.0\/88x31.png\"><\/a><br \/>Dieses Werk ist lizenziert unter einer <a rel=\"license\" href=\"http:\/\/creativecommons.org\/licenses\/by-sa\/4.0\/\">Creative Commons Namensnennung &#8211; Weitergabe unter gleichen Bedingungen 4.0 International Lizenz<\/a>.<\/p>\n\n\n\n<h2>Mitwirken<\/h2>\n<p>Sie m\u00f6chten uns beim Bloggen unterst\u00fctzen und sind aktiv in den digitalen Geisteswissenschaften? Sehr gern, dann schreiben Sie eine E-Mail an <a href=\"mailto:dhdblog-redaktion@adwmainz.net\"><em>dhdblog-redaktion@adwmainz.net<\/em><\/a>. Wir freuen uns \u00fcber neue AutorInnen und Beitr\u00e4ge und setzen uns umgehend mit Ihnen in Verbindung.<\/p>\n\n\n\n<h2>Autorinnen und Autoren<\/h2>\n<h3>DH-Beitr\u00e4ge und Berichte<\/h3>\n<p><a href=\"https:\/\/orcid.org\/0000-0001-8527-4024\">Ariadne Baresch<\/a>; <a href=\"https:\/\/orcid.org\/0000-0003-0938-8104\">Raisa Barthauer<\/a>; Rainer Becker; <a href=\"https:\/\/orcid.org\/0000-0002-5080-036X\">Andrea Bertino<\/a>;\u00a0<a href=\"https:\/\/orcid.org\/0000-0003-3665-7031\">Mirjam Bl\u00fcmm; <\/a><a href=\"http:\/\/orcid.org\/0000-0001-5849-374X\">Luise Borek<\/a>; <a href=\"https:\/\/orcid.org\/0000-0002-3469-6101\">Stefan Buddenbohm<\/a>; Bianca Buff; <a href=\"https:\/\/orcid.org\/0000-0002-1129-5604\">Jos\u00e9 Calvo-Tello<\/a>; <a href=\"https:\/\/orcid.org\/0000-0002-7797-5637\">Sophia Corell<\/a>; Fabian Cremer; <a href=\"https:\/\/orcid.org\/0000-0003-3576-7474.\">Peter D\u00e4ngeli<\/a>; <a href=\"https:\/\/orcid.org\/0000-0002-9319-4793\">Martin de la Iglesia<\/a>; Dennis Demmer; Stephan Druskat; <a href=\"http:\/\/orcid.org\/0000-0002-6923-0950\">Stefan Dumont<\/a>; Sonja Friedrichs; <a href=\"https:\/\/orcid.org\/0000-0001-5099-8970\">Christiane Fritze<\/a>; Jonathan Geiger; <a href=\"https:\/\/orcid.org\/0000-0002-7686-3609\">Svenja Guhr<\/a>; Silvia Guti\u00e9rrez; <a href=\"https:\/\/orcid.org\/0000-0003-0443-9689\">Christian G\u00fcnther<\/a>; Susanne Haaf; <a href=\"https:\/\/orcid.org\/0000-0003-1729-4642\">Canan Hastik<\/a>; Marcus Held; <a href=\"https:\/\/orcid.org\/0000-0003-4043-165X\">Patrick Helling<\/a>; Barbara Heinisch; <a href=\"https:\/\/orcid.org\/0000-0003-2852-065X\">Ulrike Henny<\/a>; <a href=\"https:\/\/orcid.org\/0000-0003-3125-7311\">Lena Hofmann<\/a><u>;<\/u> Fotis Jannidis; Julian Jelinsky; <a href=\"http:\/\/orcid.org\/0000-0002-8791-7422\">Lisa Klaffki<\/a>; Carsten Klaus; Anne Klammt; Celia Krause; Simone Kronenwett; Claudio Leone; <a href=\"http:\/\/orcid.org\/0000-0002-5070-4263\">Harald Lordick<\/a>; Beata Mache; Katrin Moeller; <a href=\"https:\/\/orcid.org\/0000-0001-9344-912X\">Sander M\u00fcnster<\/a>; Markus Neusch\u00e4fer; <a href=\"https:\/\/orcid.org\/0000-0003-4518-0837\">Maximilian Noichl<\/a>; <a href=\"https:\/\/orcid.org\/0000-0001-8279-9298\">Frederike Neuber<\/a>; Sonja Palfner; <a href=\"http:\/\/orcid.org\/0000-0003-3307-5386\">Michael Piotrowski<\/a>; <a href=\"http:\/\/orcid.org\/0000-0002-7208-9417\">Christian Prager<\/a>; <a href=\"https:\/\/orcid.org\/0000-0003-4933-4397\">Andrea Rapp<\/a>; Ruth Reiche; Julia Reichenpfader; <a href=\"https:\/\/orcid.org\/0000-0003-3193-6170\">Nils Reiter<\/a>; <a href=\"https:\/\/orcid.org\/0000-0002-0719-9003\">Nanette Ri\u00dfler-Pipka;<\/a> <a href=\"https:\/\/orcid.org\/0000-0001-7043-7820\">Torsten Roeder<\/a>;\u00a0<a href=\"https:\/\/orcid.org\/0000-0001-7998-8629\">Jan Rohden<\/a>; <a href=\"https:\/\/orcid.org\/0000-0003-0146-4264\">Ramona Roller<\/a>; Sonja Rosenberger; <a href=\"http:\/\/orcid.org\/0000-0002-8648-2033\">Patrick Sahle<\/a>; Daniela Schulz; Melanie Seltmann; Anna Schmitt; <a href=\"http:\/\/orcid.org\/0000-0002-8303-1798\">Sophie Schneider<\/a>; Markus Schn\u00f6pf; Christof Sch\u00f6ch; <a href=\"http:\/\/orcid.org\/0000-0002-3132-8231\">Charlotte Schubert<\/a>; Sibylle S\u00f6ring; Thomas St\u00e4cker; Nadine Sutor; Enes T\u00fcrkoglu; Jan Alexander van Nahl; <a href=\"https:\/\/orcid.org\/0000-0002-2683-6610\">Malte Vogl<\/a>; <a href=\"https:\/\/orcid.org\/0000-0002-8014-2898\">Armin Vollkmann<\/a>; Cosima Wagner; <a href=\"https:\/\/orcid.org\/0000-0001-6919-3646\">Lukas Weimer<\/a>; <a href=\"https:\/\/orcid.org\/0000-0001-8172-6097\">Thorsten W\u00fcbbena<\/a>; Ulrike Wuttke; u.a.<\/p>\n\n\n\n<h3><strong>Stellenauschreibungen, Calls und weitere Meldungen<\/strong><\/h3>\n<p>Nikolaos Beer; Peggy Bockwinkel; <a href=\"https:\/\/orcid.org\/0000-0002-3491-8202\">Hannah Busch<\/a>; Theodor Costea; Alexander Czmiel; Peter D\u00e4ngeli; <a href=\"https:\/\/orcid.org\/0000-0001-7347-7625\">Aline Deicke;<\/a> <a href=\"http:\/\/orcid.org\/0000-0003-0059-9597\">Katrin Dennerlein;<\/a> Christiane Fritze; Susanne Haaf; <a href=\"https:\/\/orcid.org\/0000-0001-6867-1511\">Philipp Hegel<\/a>; Katharina Heidecke; <a href=\"https:\/\/orcid.org\/0000-0003-2852-065X\">Ulrike Henny<\/a>; Armin Hoenen; <a href=\"http:\/\/orcid.org\/0000-0003-1514-2258\">Angela Kailus<\/a>; Jan Kenter; <a href=\"https:\/\/orcid.org\/0000-0001-9520-8119\">Michael Kaiser<\/a>; Jana Klawitter; <a href=\"https:\/\/orcid.org\/0000-0002-8189-8574\">Mareike K\u00f6nig<\/a>; Gabriele Kraft; Marina Lemaire; <a href=\"https:\/\/orcid.org\/0000-0002-3014-000X\">Peter Leinen<\/a>; Ulrike Lippe; Hubert Mara; Hanna-Lena Meiners; Julia Menzel; Melanie Mihm; Ole Meiners; Annette Merte; <a href=\"https:\/\/orcid.org\/0000-0003-4090-5667\">Katrin Moeller;<\/a> Anna Neovesky; Stefan Pernes; Steffen Pielstr\u00f6m; Marcus P\u00f6ckelmann; Ariane Rau; Nils Reiter; <a href=\"https:\/\/orcid.org\/0000-0001-7043-7820\">Torsten Roeder<\/a>; Hole Roessler; <a href=\"http:\/\/orcid.org\/0000-0002-8902-4775.\">Torsten Scha\u00dfan<\/a>; Roman Schneider; Markus Schn\u00f6pf; Dorothea Schuller; <a href=\"https:\/\/orcid.org\/0000-0002-1698-3289\">Sibylle S\u00f6ring<\/a>; <a href=\"https:\/\/orcid.org\/0000-0002-3845-605X\">Bart Soethaert<\/a>; Aline Stang; Ulla Tschida; <a href=\"https:\/\/dhd-blog.org\/orcid.org\/0000-0003-0434-3951\">Klaus Thoden<\/a>; Christian Thomas; Roberta Toscano; Alexandra Tripp; Joachim Veit; Cristina Vertan; <a href=\"https:\/\/orcid.org\/0000-0001-6919-3646\">Lukas Weimer;<\/a> David Wolf; <a href=\"https:\/\/orcid.org\/0000-0001-8939-4437\">Kai W\u00f6rner<\/a>; u.a.<\/p>\n","protected":false},"excerpt":{"rendered":"<p>Redaktion: Lukas Weimer Redaktionsteam: DARIAH-DE Coordination Office Nieders\u00e4chsische Staats- und Universit\u00e4tsbibliothek G\u00f6ttingenD-37070 G\u00f6ttingen,&nbsp; Papendiek 14 Mitwirken Sie m\u00f6chten uns beim Bloggen unterst\u00fctzen und sind aktiv in den digitalen Geisteswissenschaften? Sehr gern, dann schreiben Sie eine E-Mail an dhdblog-redaktion@adwmainz.net. Wir freuen uns \u00fcber neue AutorInnen und Beitr\u00e4ge und setzen uns umgehend mit Ihnen in Verbindung. Autorinnen [&hellip;]<\/p>\n","protected":false},"author":206,"featured_media":0,"parent":0,"menu_order":0,"comment_status":"closed","ping_status":"closed","template":"","meta":{"footnotes":""},"class_list":["post-13428","page","type-page","status-publish","hentry"],"_links":{"self":[{"href":"https:\/\/dhd-blog.org\/index.php?rest_route=\/wp\/v2\/pages\/13428","targetHints":{"allow":["GET"]}}],"collection":[{"href":"https:\/\/dhd-blog.org\/index.php?rest_route=\/wp\/v2\/pages"}],"about":[{"href":"https:\/\/dhd-blog.org\/index.php?rest_route=\/wp\/v2\/types\/page"}],"author":[{"embeddable":true,"href":"https:\/\/dhd-blog.org\/index.php?rest_route=\/wp\/v2\/users\/206"}],"replies":[{"embeddable":true,"href":"https:\/\/dhd-blog.org\/index.php?rest_route=%2Fwp%2Fv2%2Fcomments&post=13428"}],"version-history":[{"count":61,"href":"https:\/\/dhd-blog.org\/index.php?rest_route=\/wp\/v2\/pages\/13428\/revisions"}],"predecessor-version":[{"id":19876,"href":"https:\/\/dhd-blog.org\/index.php?rest_route=\/wp\/v2\/pages\/13428\/revisions\/19876"}],"wp:attachment":[{"href":"https:\/\/dhd-blog.org\/index.php?rest_route=%2Fwp%2Fv2%2Fmedia&parent=13428"}],"curies":[{"name":"wp","href":"https:\/\/api.w.org\/{rel}","templated":true}]}}